{"id":5323,"date":"2018-03-12T08:55:36","date_gmt":"2018-03-12T07:55:36","guid":{"rendered":"https:\/\/biurodlamisia.pl\/regulamin\/"},"modified":"2018-03-12T08:55:36","modified_gmt":"2018-03-12T07:55:36","slug":"regulamin","status":"publish","type":"page","link":"https:\/\/biurodlamisia.pl\/ru\/regulamin\/","title":{"rendered":"Regulamin"},"content":{"rendered":"<p>Regulamin zakupu abonamentu na Biuro Dla Misia<\/p>\n<ul>\n<li><strong>1.\u00a0Definicje<\/strong><\/li>\n<li><strong>Biuro<\/strong>\u2013 biuro pod adresem Al. Solidarno\u015bci 68\/121, 00-240 Warszawa<\/li>\n<li><strong>System<\/strong>\u2013 strona internetowa pod adresem biurodlamisia.pl wraz z panelem p\u0142atno\u015bci online.<\/li>\n<li><strong>Formularz<\/strong>\u2013 formularz elektroniczny s\u0142u\u017c\u0105cy do wykupienia abonamentu dost\u0119pu do biura<\/li>\n<li><strong>Klient<\/strong>\u2013 osoba fizyczna prowadz\u0105ca dzia\u0142alno\u015b\u0107 gospodarcz\u0105 lub prawna posiadaj\u0105ca pe\u0142n\u0105 zdolno\u015b\u0107 do czynno\u015bci prawnych w rozumieniu kodeksu cywilnego, lub inna osoba nieposiadaj\u0105ca osobowo\u015bci prawnej korzystaj\u0105ca z Systemu w celu zakupu abonamentu korzystania z biura w celu wykonywania dzia\u0142alno\u015bci gospodarczej lub statutowej.<\/li>\n<li><strong>Zakup abonamentu<\/strong>\u2013 zakup dokonywany poprzez System.\n<div><strong>Operator<\/strong>\u2013 Avega Sp. z o.o., Al. Solidarno\u015bci 68\/121, 00-240 Warszawa (NIP: 5223041487, REGON: 362785437, KRS: 0000580852).<\/div>\n<div><strong>Administrator<\/strong>\u2013 Avega Sp. z o.o., Al. Solidarno\u015bci 68\/121, 00-240 Warszawa (NIP: 5223041487, REGON: 362785437, KRS: 0000580852).<\/div>\n<\/li>\n<\/ul>\n<p>&nbsp;<\/p>\n<ul>\n<li><strong>2. Zakup abonamentu<\/strong><\/li>\n<li>Klient wykupuje abonament w Systemie poprzez stron\u0119 internetow\u0105 biurodlamisia.pl<\/li>\n<li>Operator nie ponosi odpowiedzialno\u015bci za brak dost\u0119pu do Systemu z przyczyn od niego niezale\u017cnych. Operator mo\u017ce zawiesi\u0107 dost\u0119p do Systemu je\u015bli jest to konieczne do usuni\u0119cia zaistnia\u0142ych awarii, zagro\u017ce\u0144 lub innych nieprawid\u0142owo\u015bci jak r\u00f3wnie\u017c ze wzgl\u0119d\u00f3w bezpiecze\u0144stwa.<\/li>\n<li>Klient wykupuj\u0105c abonament zobowi\u0105zany jest prawid\u0142owo wype\u0142ni\u0107 Formularz. Operator nie ponosi odpowiedzialno\u015bci za niezrealizowane us\u0142ugi z powodu nieprawid\u0142owego wype\u0142nienia przez Klienta Formularza b\u0105d\u017a z powodu podania w Formularzu nieprawdziwych, b\u0142\u0119dnych lub niekompletnych danych, w tym nieprawid\u0142owego adresu e-mail.<\/li>\n<li>Klient, kt\u00f3ry prawid\u0142owo wype\u0142ni\u0142 formularz otrzymuje potwierdzenie zakupu abonamentu na podany w Formularzu adres email.<\/li>\n<li>Zakup abonamentu jest skuteczny i wi\u0105\u017ce strony od zaksi\u0119gowania \u015brodk\u00f3w pieni\u0119\u017cnych na rachunku bankowym Operatora.<\/li>\n<li>Warunkiem otrzymania przez Klienta potwierdzenia zakupu abonamentu jest prawid\u0142owe wype\u0142nienie przez niego formularza i podanie prawid\u0142owego adresu email.<\/li>\n<li>Potwierdzenie zakupu abonamentu wraz z potwierdzeniem uznania p\u0142atno\u015bci zostaje przes\u0142ane na adres email Klienta.<\/li>\n<\/ul>\n<p>&nbsp;<\/p>\n<ul>\n<li><strong>3. P\u0142atno\u015b\u0107<\/strong><\/li>\n<li>Klient po zaakceptowaniu tre\u015bci Regulaminu oraz uzupe\u0142nieniu Formularza wp\u0142aca op\u0142at\u0119 poprzez system p\u0142atno\u015bci Przelewy24.<\/li>\n<li>Po zatwierdzeniu wp\u0142aty op\u0142aty Klient jest informowany za pomoc\u0105 e-maila o statusie jego p\u0142atno\u015bci.<\/li>\n<\/ul>\n<p><strong>\u00a0<\/strong><\/p>\n<ul>\n<li><strong>4. Odpowiedzialno\u015b\u0107 Operatora<\/strong><\/li>\n<li>Operator zobowi\u0105zuje si\u0119 do\u0142o\u017cy\u0107 wszelkich stara\u0144 w celu realizacji us\u0142ugi wynikaj\u0105cej z abonamentu.<\/li>\n<li>W przypadku zaistnienia zdarze\u0144 si\u0142y wy\u017cszej, niezale\u017cnych od \u017cadnej ze stron, takich jak katastrofy, kl\u0119ski \u017cywio\u0142owe, wojna, strajki i inne wyj\u0105tkowe sytuacje uniemo\u017cliwiaj\u0105ce realizacj\u0119 zam\u00f3wionej us\u0142ugi, Operator nie b\u0119dzie ponosi\u0107 odpowiedzialno\u015bci z tytu\u0142u niewykonania umowy.<\/li>\n<\/ul>\n<p>&nbsp;<\/p>\n<ul>\n<li><strong>5. Reklamacje<\/strong><\/li>\n<li>Reklamacje dotycz\u0105ce zakupu abonamentu poprzez System Klient przesy\u0142a pisemnie na adres Operatora w terminie 48 godzin od zako\u0144czenia us\u0142ugi.<\/li>\n<li>Operator zobowi\u0105zuje si\u0119 rozpatrzy\u0107 reklamacj\u0119 w terminie 14 dni od daty jej otrzymania.<\/li>\n<\/ul>\n<p>&nbsp;<\/p>\n<ul>\n<li><strong>6. Dane osobowe<\/strong><\/li>\n<\/ul>\n<p>Osoba dokonuj\u0105ca zakupu abonamentu na stronie internetowej biurodlamisia.pl wyra\u017ca zgod\u0119 na umieszczenie jej danych osobowych w bazie danych Administratora. Dane b\u0119d\u0105 przetwarzane, zgodnie z przepisami ustawy z dnia 29.08.1997 r. o ochronie danych osobowych w celu realizacji us\u0142ug \u015bwiadczonych przez Operatora, wykonania umowy, wystawienia faktur, rachunk\u00f3w lub prowadzenia sprawozdawczo\u015bci finansowej oraz w celach marketingowych. Osobie zakupuj\u0105cej abonament przys\u0142uguje prawo do wgl\u0105du i modyfikacji danych, jak r\u00f3wnie\u017c \u017c\u0105dania zaprzestania ich przetwarzania.<\/p>\n<ul>\n<li><strong>7. Akceptacja regulaminu<\/strong><\/li>\n<\/ul>\n<p>Klient akceptuje Regulamin zaznaczaj\u0105c opcj\u0119 \u201eZgadzam si\u0119\u201d, co oznacza, i\u017c zapozna\u0142 si\u0119 z tre\u015bci\u0105 niniejszego Regulaminu, rozumie i akceptuje jego warunki oraz jest \u015bwiadomy konsekwencji z nich wynikaj\u0105cych. Je\u017celi Klient nie zaakceptuje Regulaminu, spowoduje to brak mo\u017cliwo\u015bci dokonania zakupu.<\/p>\n","protected":false},"excerpt":{"rendered":"<p>Regulamin zakupu abonamentu na Biuro Dla Misia 1.\u00a0Definicje Biuro\u2013 biuro pod adresem Al. Solidarno\u015bci 68\/121, 00-240 Warszawa System\u2013 strona internetowa pod adresem biurodlamisia.pl wraz z panelem p\u0142atno\u015bci online. Formularz\u2013 formularz elektroniczny s\u0142u\u017c\u0105cy do wykupienia abonamentu dost\u0119pu do biura Klient\u2013 osoba fizyczna prowadz\u0105ca dzia\u0142alno\u015b\u0107 gospodarcz\u0105 lub prawna posiadaj\u0105ca pe\u0142n\u0105 zdolno\u015b\u0107 do<\/p>\n","protected":false},"author":3,"featured_media":0,"parent":0,"menu_order":0,"comment_status":"closed","ping_status":"closed","template":"","meta":{"_uag_custom_page_level_css":"","footnotes":"","_links_to":"","_links_to_target":""},"class_list":["post-5323","page","type-page","status-publish","hentry"],"yoast_head":"<!-- This site is optimized with the Yoast SEO plugin v25.5 - https:\/\/yoast.com\/wordpress\/plugins\/seo\/ -->\n<title>Regulamin - Biuro Dla Mi\u015aa<\/title>\n<meta name=\"robots\" content=\"index, follow, max-snippet:-1, max-image-preview:large, max-video-preview:-1\" \/>\n<link rel=\"canonical\" href=\"https:\/\/biurodlamisia.pl\/ru\/regulamin\/\" \/>\n<meta property=\"og:locale\" content=\"ru_RU\" \/>\n<meta property=\"og:type\" content=\"article\" \/>\n<meta property=\"og:title\" content=\"Regulamin - Biuro Dla Mi\u015aa\" \/>\n<meta property=\"og:description\" content=\"Regulamin zakupu abonamentu na Biuro Dla Misia 1.\u00a0Definicje Biuro\u2013 biuro pod adresem Al. Solidarno\u015bci 68\/121, 00-240 Warszawa System\u2013 strona internetowa pod adresem biurodlamisia.pl wraz z panelem p\u0142atno\u015bci online. Formularz\u2013 formularz elektroniczny s\u0142u\u017c\u0105cy do wykupienia abonamentu dost\u0119pu do biura Klient\u2013 osoba fizyczna prowadz\u0105ca dzia\u0142alno\u015b\u0107 gospodarcz\u0105 lub prawna posiadaj\u0105ca pe\u0142n\u0105 zdolno\u015b\u0107 do\" \/>\n<meta property=\"og:url\" content=\"https:\/\/biurodlamisia.pl\/ru\/regulamin\/\" \/>\n<meta property=\"og:site_name\" content=\"Biuro Dla Mi\u015aa\" \/>\n<meta property=\"article:publisher\" content=\"https:\/\/www.facebook.com\/biurodlamisia\" \/>\n<meta property=\"og:image\" content=\"https:\/\/biurodlamisia.pl\/wp-content\/uploads\/2018\/01\/logo.png\" \/>\n\t<meta property=\"og:image:width\" content=\"292\" \/>\n\t<meta property=\"og:image:height\" content=\"101\" \/>\n\t<meta property=\"og:image:type\" content=\"image\/png\" \/>\n<meta name=\"twitter:card\" content=\"summary_large_image\" \/>\n<meta name=\"twitter:label1\" content=\"\u041f\u0440\u0438\u043c\u0435\u0440\u043d\u043e\u0435 \u0432\u0440\u0435\u043c\u044f \u0434\u043b\u044f \u0447\u0442\u0435\u043d\u0438\u044f\" \/>\n\t<meta name=\"twitter:data1\" content=\"3 \u043c\u0438\u043d\u0443\u0442\u044b\" \/>\n<script type=\"application\/ld+json\" class=\"yoast-schema-graph\">{\"@context\":\"https:\/\/schema.org\",\"@graph\":[{\"@type\":\"WebPage\",\"@id\":\"https:\/\/biurodlamisia.pl\/ru\/regulamin\/\",\"url\":\"https:\/\/biurodlamisia.pl\/ru\/regulamin\/\",\"name\":\"Regulamin - Biuro Dla Mi\u015aa\",\"isPartOf\":{\"@id\":\"https:\/\/biurodlamisia.pl\/ru\/#website\"},\"datePublished\":\"2018-03-12T07:55:36+00:00\",\"breadcrumb\":{\"@id\":\"https:\/\/biurodlamisia.pl\/ru\/regulamin\/#breadcrumb\"},\"inLanguage\":\"ru-RU\",\"potentialAction\":[{\"@type\":\"ReadAction\",\"target\":[\"https:\/\/biurodlamisia.pl\/ru\/regulamin\/\"]}]},{\"@type\":\"BreadcrumbList\",\"@id\":\"https:\/\/biurodlamisia.pl\/ru\/regulamin\/#breadcrumb\",\"itemListElement\":[{\"@type\":\"ListItem\",\"position\":1,\"name\":\"\u0414\u043e\u043c\u0430\u0448\u043d\u044f\u044f \u0441\u0442\u0440\u0430\u043d\u0438\u0446\u0430\",\"item\":\"https:\/\/biurodlamisia.pl\/ru\/\"},{\"@type\":\"ListItem\",\"position\":2,\"name\":\"Regulamin\"}]},{\"@type\":\"WebSite\",\"@id\":\"https:\/\/biurodlamisia.pl\/ru\/#website\",\"url\":\"https:\/\/biurodlamisia.pl\/ru\/\",\"name\":\"Biuro Dla Mi\u015aa\",\"description\":\"\u0412\u0438\u0440\u0442\u0443\u0430\u043b\u044c\u043d\u044b\u0439 \u043e\u0444\u0438\u0441 \u0432 \u0412\u0430\u0440\u0448\u0430\u0432\u0435\",\"publisher\":{\"@id\":\"https:\/\/biurodlamisia.pl\/ru\/#organization\"},\"potentialAction\":[{\"@type\":\"SearchAction\",\"target\":{\"@type\":\"EntryPoint\",\"urlTemplate\":\"https:\/\/biurodlamisia.pl\/ru\/?s={search_term_string}\"},\"query-input\":{\"@type\":\"PropertyValueSpecification\",\"valueRequired\":true,\"valueName\":\"search_term_string\"}}],\"inLanguage\":\"ru-RU\"},{\"@type\":\"Organization\",\"@id\":\"https:\/\/biurodlamisia.pl\/ru\/#organization\",\"name\":\"Biuro Dla Mi\u015aa\",\"url\":\"https:\/\/biurodlamisia.pl\/ru\/\",\"logo\":{\"@type\":\"ImageObject\",\"inLanguage\":\"ru-RU\",\"@id\":\"https:\/\/biurodlamisia.pl\/ru\/#\/schema\/logo\/image\/\",\"url\":\"https:\/\/biurodlamisia.pl\/wp-content\/uploads\/2018\/01\/logo.png\",\"contentUrl\":\"https:\/\/biurodlamisia.pl\/wp-content\/uploads\/2018\/01\/logo.png\",\"width\":292,\"height\":101,\"caption\":\"Biuro Dla Mi\u015aa\"},\"image\":{\"@id\":\"https:\/\/biurodlamisia.pl\/ru\/#\/schema\/logo\/image\/\"},\"sameAs\":[\"https:\/\/www.facebook.com\/biurodlamisia\",\"https:\/\/share.google\/yqg06tq5Om8gvpXPr\",\"https:\/\/www.linkedin.com\/company\/biurodlamisia.pl\",\"https:\/\/www.instagram.com\/biurodlamisia\/\"]}]}<\/script>\n<!-- \/ Yoast SEO plugin. -->","yoast_head_json":{"title":"Regulamin - Biuro Dla Mi\u015aa","robots":{"index":"index","follow":"follow","max-snippet":"max-snippet:-1","max-image-preview":"max-image-preview:large","max-video-preview":"max-video-preview:-1"},"canonical":"https:\/\/biurodlamisia.pl\/ru\/regulamin\/","og_locale":"ru_RU","og_type":"article","og_title":"Regulamin - Biuro Dla Mi\u015aa","og_description":"Regulamin zakupu abonamentu na Biuro Dla Misia 1.\u00a0Definicje Biuro\u2013 biuro pod adresem Al. Solidarno\u015bci 68\/121, 00-240 Warszawa System\u2013 strona internetowa pod adresem biurodlamisia.pl wraz z panelem p\u0142atno\u015bci online. Formularz\u2013 formularz elektroniczny s\u0142u\u017c\u0105cy do wykupienia abonamentu dost\u0119pu do biura Klient\u2013 osoba fizyczna prowadz\u0105ca dzia\u0142alno\u015b\u0107 gospodarcz\u0105 lub prawna posiadaj\u0105ca pe\u0142n\u0105 zdolno\u015b\u0107 do","og_url":"https:\/\/biurodlamisia.pl\/ru\/regulamin\/","og_site_name":"Biuro Dla Mi\u015aa","article_publisher":"https:\/\/www.facebook.com\/biurodlamisia","og_image":[{"width":292,"height":101,"url":"https:\/\/biurodlamisia.pl\/wp-content\/uploads\/2018\/01\/logo.png","type":"image\/png"}],"twitter_card":"summary_large_image","twitter_misc":{"\u041f\u0440\u0438\u043c\u0435\u0440\u043d\u043e\u0435 \u0432\u0440\u0435\u043c\u044f \u0434\u043b\u044f \u0447\u0442\u0435\u043d\u0438\u044f":"3 \u043c\u0438\u043d\u0443\u0442\u044b"},"schema":{"@context":"https:\/\/schema.org","@graph":[{"@type":"WebPage","@id":"https:\/\/biurodlamisia.pl\/ru\/regulamin\/","url":"https:\/\/biurodlamisia.pl\/ru\/regulamin\/","name":"Regulamin - Biuro Dla Mi\u015aa","isPartOf":{"@id":"https:\/\/biurodlamisia.pl\/ru\/#website"},"datePublished":"2018-03-12T07:55:36+00:00","breadcrumb":{"@id":"https:\/\/biurodlamisia.pl\/ru\/regulamin\/#breadcrumb"},"inLanguage":"ru-RU","potentialAction":[{"@type":"ReadAction","target":["https:\/\/biurodlamisia.pl\/ru\/regulamin\/"]}]},{"@type":"BreadcrumbList","@id":"https:\/\/biurodlamisia.pl\/ru\/regulamin\/#breadcrumb","itemListElement":[{"@type":"ListItem","position":1,"name":"\u0414\u043e\u043c\u0430\u0448\u043d\u044f\u044f \u0441\u0442\u0440\u0430\u043d\u0438\u0446\u0430","item":"https:\/\/biurodlamisia.pl\/ru\/"},{"@type":"ListItem","position":2,"name":"Regulamin"}]},{"@type":"WebSite","@id":"https:\/\/biurodlamisia.pl\/ru\/#website","url":"https:\/\/biurodlamisia.pl\/ru\/","name":"Biuro Dla Mi\u015aa","description":"\u0412\u0438\u0440\u0442\u0443\u0430\u043b\u044c\u043d\u044b\u0439 \u043e\u0444\u0438\u0441 \u0432 \u0412\u0430\u0440\u0448\u0430\u0432\u0435","publisher":{"@id":"https:\/\/biurodlamisia.pl\/ru\/#organization"},"potentialAction":[{"@type":"SearchAction","target":{"@type":"EntryPoint","urlTemplate":"https:\/\/biurodlamisia.pl\/ru\/?s={search_term_string}"},"query-input":{"@type":"PropertyValueSpecification","valueRequired":true,"valueName":"search_term_string"}}],"inLanguage":"ru-RU"},{"@type":"Organization","@id":"https:\/\/biurodlamisia.pl\/ru\/#organization","name":"Biuro Dla Mi\u015aa","url":"https:\/\/biurodlamisia.pl\/ru\/","logo":{"@type":"ImageObject","inLanguage":"ru-RU","@id":"https:\/\/biurodlamisia.pl\/ru\/#\/schema\/logo\/image\/","url":"https:\/\/biurodlamisia.pl\/wp-content\/uploads\/2018\/01\/logo.png","contentUrl":"https:\/\/biurodlamisia.pl\/wp-content\/uploads\/2018\/01\/logo.png","width":292,"height":101,"caption":"Biuro Dla Mi\u015aa"},"image":{"@id":"https:\/\/biurodlamisia.pl\/ru\/#\/schema\/logo\/image\/"},"sameAs":["https:\/\/www.facebook.com\/biurodlamisia","https:\/\/share.google\/yqg06tq5Om8gvpXPr","https:\/\/www.linkedin.com\/company\/biurodlamisia.pl","https:\/\/www.instagram.com\/biurodlamisia\/"]}]}},"uagb_featured_image_src":{"full":false,"thumbnail":false,"medium":false,"medium_large":false,"large":false,"gs-tiny":false,"xl":false,"xxl":false,"xxxl":false,"xxxxl":false,"xxxxxl":false,"1536x1536":false,"2048x2048":false,"j15-thumb-avatar":false,"j15-thumb-320":false,"j15-thumb-640":false,"j15-thumb-1120":false,"post-thumbnail":false,"yarpp-thumbnail":false},"uagb_author_info":{"display_name":"Artem Rusin","author_link":"https:\/\/biurodlamisia.pl\/ru\/author\/artem\/"},"uagb_comment_info":0,"uagb_excerpt":"Regulamin zakupu abonamentu na Biuro Dla Misia 1.\u00a0Definicje Biuro\u2013 biuro pod adresem Al. Solidarno\u015bci 68\/121, 00-240 Warszawa System\u2013 strona internetowa pod adresem biurodlamisia.pl wraz z panelem p\u0142atno\u015bci online. Formularz\u2013 formularz elektroniczny s\u0142u\u017c\u0105cy do wykupienia abonamentu dost\u0119pu do biura Klient\u2013 osoba fizyczna prowadz\u0105ca dzia\u0142alno\u015b\u0107 gospodarcz\u0105 lub prawna posiadaj\u0105ca pe\u0142n\u0105 zdolno\u015b\u0107 do","_links":{"self":[{"href":"https:\/\/biurodlamisia.pl\/ru\/wp-json\/wp\/v2\/pages\/5323","targetHints":{"allow":["GET"]}}],"collection":[{"href":"https:\/\/biurodlamisia.pl\/ru\/wp-json\/wp\/v2\/pages"}],"about":[{"href":"https:\/\/biurodlamisia.pl\/ru\/wp-json\/wp\/v2\/types\/page"}],"author":[{"embeddable":true,"href":"https:\/\/biurodlamisia.pl\/ru\/wp-json\/wp\/v2\/users\/3"}],"replies":[{"embeddable":true,"href":"https:\/\/biurodlamisia.pl\/ru\/wp-json\/wp\/v2\/comments?post=5323"}],"version-history":[{"count":0,"href":"https:\/\/biurodlamisia.pl\/ru\/wp-json\/wp\/v2\/pages\/5323\/revisions"}],"wp:attachment":[{"href":"https:\/\/biurodlamisia.pl\/ru\/wp-json\/wp\/v2\/media?parent=5323"}],"curies":[{"name":"wp","href":"https:\/\/api.w.org\/{rel}","templated":true}]}}