{"id":4853,"date":"2020-08-17T15:07:50","date_gmt":"2020-08-17T13:07:50","guid":{"rendered":"https:\/\/biurodlamisia.pl\/politica-de-privacidad-del-sitio-web\/"},"modified":"2020-08-17T15:07:50","modified_gmt":"2020-08-17T13:07:50","slug":"politica-de-privacidad-del-sitio-web","status":"publish","type":"page","link":"https:\/\/biurodlamisia.pl\/es\/politica-de-privacidad-del-sitio-web\/","title":{"rendered":"Pol\u00edtica de privacidad del sitio web"},"content":{"rendered":"<h2>I Informaci\u00f3n general<\/h2>\n<ul>\n<li>Esta Pol\u00edtica de Privacidad establece la forma de recopilar, procesar y asegurar los datos personales en el sentido de la Ley de Protecci\u00f3n de Datos Personales de 29 de agosto de 1997 (Diario de Leyes n\u00ba 133, punto 883, en su versi\u00f3n modificada) y la Ley de Prestaci\u00f3n de Servicios Electr\u00f3nicos de 18 de julio de 2002 (Diario de Leyes n\u00ba 144, punto 1204, en su versi\u00f3n modificada). <\/li>\n<li>El propietario del sitio web biurodlamisia.pl y el administrador de los datos personales es Avega Sp. z o.o., NIP: 5223041487, con domicilio social en Varsovia, al. Solidarno\u015bci 68\/121, inscrita en el Registro Nacional de Tribunales con el n\u00famero 0000580852.  <\/li>\n<\/ul>\n<h2>II Datos personales<\/h2>\n<ul>\n<li>Entre otras cosas, el servicio incluye una p\u00e1gina de fans de Facebook, cuya pol\u00edtica de privacidad se describe en https:\/\/biurodlamisia.pl\/polityka-prywatnosci-fanpage-biuro-dla-misa\/.<\/li>\n<li>El servicio recoge informaci\u00f3n facilitada voluntariamente por el usuario.<\/li>\n<li>Los datos personales se obtienen al rellenar el formulario de inscripci\u00f3n a los seminarios en l\u00ednea.<\/li>\n<li>Los datos personales se utilizan exclusivamente para los siguientes fines: enviar boletines informativos e informaci\u00f3n sobre seminarios\/cursos de formaci\u00f3n a los que el usuario se haya suscrito, siempre que el usuario haya dado su consentimiento; prestar servicios a los que el usuario se haya suscrito; enviar informaci\u00f3n relativa al correo convencional y facturas; ponerse en contacto con el usuario en caso de problemas con la prestaci\u00f3n de servicios a un usuario concreto o contacto exigido por la legislaci\u00f3n polaca.<\/li>\n<li>El contenido del sitio web puede consultarse sin proporcionar ning\u00fan dato personal.<\/li>\n<li>Toda persona que haya facilitado sus datos personales tiene derecho a acceder a su contenido y a la posibilidad de rectificarlos, actualizarlos, completarlos, as\u00ed como a solicitar el cese del tratamiento de sus datos personales y a oponerse al tratamiento de los mismos. Las acciones mencionadas pueden realizarse enviando una declaraci\u00f3n adecuada a la siguiente direcci\u00f3n de correo electr\u00f3nico: biuro@biurodlamisia.pl. <\/li>\n<li>Los datos personales adquiridos por el responsable del tratamiento se almacenar\u00e1n, tratar\u00e1n y proteger\u00e1n de conformidad con las disposiciones legales aplicables.<\/li>\n<li>El responsable del tratamiento protege los datos personales recogidos utilizando las siguientes medidas:<\/li>\n<\/ul>\n<p>&#8211; encriptaci\u00f3n de los datos utilizados para suscribirse al bolet\u00edn y otras actividades descritas anteriormente &#8211; protecci\u00f3n del conjunto de datos contra el acceso no autorizado<\/p>\n<h2>III Informaci\u00f3n sobre cookies.<\/h2>\n<ul>\n<li>El sitio web utiliza cookies.<\/li>\n<li>Las cookies (denominadas \u00abcookies\u00bb) son datos inform\u00e1ticos, en particular archivos de texto, que se almacenan en el equipo terminal del Usuario del Servicio y est\u00e1n destinados a ser utilizados en el Sitio Web. Las cookies suelen contener el nombre del sitio web del que proceden, el tiempo que permanecen almacenadas en el equipo terminal y un n\u00famero \u00fanico. <\/li>\n<li>La entidad que coloca cookies en el equipo terminal del Usuario del Servicio y accede a ellas es el Operador del Servicio.<\/li>\n<li>Las cookies se utilizan para los siguientes fines:<\/li>\n<li>la creaci\u00f3n de estad\u00edsticas que nos ayuden a comprender c\u00f3mo los visitantes del Sitio Web utilizan los sitios web, lo que nos permite mejorar su estructura y contenido;<\/li>\n<li>mantener una sesi\u00f3n del Usuario del Servicio (despu\u00e9s de iniciar sesi\u00f3n), gracias a lo cual un Usuario no tiene que volver a introducir su nombre de usuario y contrase\u00f1a en cada subp\u00e1gina del Servicio;<\/li>\n<li>para definir tu perfil con el fin de mostrarte material personalizado en redes publicitarias, en particular la red de Google.<\/li>\n<li>El Sitio Web utiliza dos tipos principales de cookies: \u00abde sesi\u00f3n\u00bb (cookies de sesi\u00f3n) y \u00abpermanentes\u00bb (cookies persistentes). Las cookies de \u00absesi\u00f3n\u00bb son archivos temporales que se almacenan en el equipo terminal del Usuario hasta que se desconecta, abandona el sitio web o apaga el software (navegador web). Las cookies \u00abpermanentes\u00bb se almacenan en el equipo terminal del Usuario durante el tiempo especificado en los par\u00e1metros de las cookies o hasta que el Usuario las elimine.  <\/li>\n<li>El software de navegaci\u00f3n web (navegador web) suele permitir por defecto el almacenamiento de cookies en el dispositivo terminal del Usuario. Los Usuarios del Sitio Web pueden cambiar su configuraci\u00f3n a este respecto. El navegador de Internet permite eliminar las cookies. Tambi\u00e9n es posible bloquear autom\u00e1ticamente las cookies Para m\u00e1s detalles, consulta la ayuda o la documentaci\u00f3n de tu navegador de Internet.   <\/li>\n<li>Las restricciones en el uso de cookies pueden afectar a algunas de las funciones disponibles en el Sitio Web.<\/li>\n<li>Las cookies se colocan en el equipo terminal del Usuario del Servicio y tambi\u00e9n pueden ser utilizadas por anunciantes y socios que cooperan con el Operador del Servicio.<\/li>\n<li>Te recomendamos que leas las pol\u00edticas de privacidad de estas empresas para comprender el uso de las cookies utilizadas en las estad\u00edsticas: Pol\u00edtica de privacidad de Google Analytics.<\/li>\n<li>Las redes publicitarias, en particular la red de Google, pueden utilizar cookies para mostrar anuncios adaptados al uso del Sitio Web por parte del usuario. Para ello, pueden conservar informaci\u00f3n sobre la ruta de navegaci\u00f3n del usuario o el tiempo pasado en una p\u00e1gina concreta. <\/li>\n<li>Con respecto a la informaci\u00f3n sobre las preferencias del usuario recopilada por la red publicitaria de Google, el usuario puede ver y editar la informaci\u00f3n resultante de las cookies utilizando la siguiente herramienta: https:\/\/www.google.com\/ads\/preferences\/.<\/li>\n<\/ul>\n<h2>IV Gesti\u00f3n de cookies: \u00bfc\u00f3mo dar y retirar el consentimiento en la pr\u00e1ctica?<\/h2>\n<ul>\n<li>Si no deseas recibir cookies, puedes cambiar la configuraci\u00f3n de tu navegador. Ten en cuenta que desactivar las cookies que son esenciales para los procesos de autenticaci\u00f3n, seguridad y mantenimiento de las preferencias del usuario puede dificultar, y en casos extremos puede imposibilitar, el uso de los sitios web. <\/li>\n<li>Para gestionar tu configuraci\u00f3n de cookies, selecciona tu navegador\/sistema de la lista siguiente y sigue las instrucciones<\/li>\n<li>&#8211; <a href=\"http:\/\/windows.microsoft.com\/pl-pl\/windows7\/block-enable-or-allow-cookies\">Internet Explorer<\/a><\/li>\n<li>&#8211; <a href=\"https:\/\/support.google.com\/chrome\/answer\/95647?hl=pl\">Cromo<\/a><\/li>\n<li>&#8211; <a href=\"http:\/\/support.apple.com\/kb\/PH5042\">Safari<\/a><\/li>\n<li>&#8211; <a href=\"http:\/\/support.mozilla.org\/pl\/kb\/W%C5%82%C4%85czanie%20i%20wy%C5%82%C4%85czanie%20obs%C5%82ugi%20ciasteczek\">Firefox<\/a><\/li>\n<li>&#8211; <a href=\"http:\/\/help.opera.com\/Windows\/12.10\/pl\/cookies.html\">\u00d3pera<\/a><\/li>\n<li>&#8211; <a href=\"https:\/\/support.google.com\/chrome\/answer\/95647?hl=pl\">Android<\/a><\/li>\n<li>&#8211; <a href=\"http:\/\/support.apple.com\/kb\/HT1677?viewlocale=pl_PL\">Safari (iOS)<\/a><\/li>\n<li>&#8211; <a href=\"http:\/\/www.windowsphone.com\/pl-pl\/how-to\/wp7\/web\/changing-privacy-and-other-browser-settings\">Windows Phone<\/a><\/li>\n<\/ul>\n<h2>V Compartir datos.<\/h2>\n<ul>\n<li>Los datos s\u00f3lo se comparten con partes externas dentro de los l\u00edmites de la ley.<\/li>\n<li>El Operador puede tener la obligaci\u00f3n de proporcionar informaci\u00f3n recopilada por el Servicio a las autoridades autorizadas sobre la base de solicitudes legales en la medida de la solicitud.<\/li>\n<\/ul>\n<h2>VI Disposiciones finales<\/h2>\n<ul>\n<li>El Vendedor tiene derecho a modificar esta Pol\u00edtica de Privacidad. Las personas que faciliten sus datos personales quedan vinculadas por la versi\u00f3n actual de la Pol\u00edtica de Privacidad, disponible en <\/li>\n<li>https:\/\/biurodlamisia.pl\/polityka-prywatnosci-strony-internetowej\/<\/li>\n<\/ul>\n<p>En los asuntos no cubiertos por esta Pol\u00edtica de Privacidad, se aplicar\u00e1n en consecuencia las disposiciones del Reglamento del sitio web biurodlamisia.pl y las disposiciones aplicables de la legislaci\u00f3n polaca.<\/p>\n","protected":false},"excerpt":{"rendered":"<p>I Informaci\u00f3n general Esta Pol\u00edtica de Privacidad establece la forma de recopilar, procesar y asegurar los datos personales en el sentido de la Ley de Protecci\u00f3n de Datos Personales de 29 de agosto de 1997 (Diario de Leyes n\u00ba 133, punto 883, en su versi\u00f3n modificada) y la Ley de<\/p>\n","protected":false},"author":3,"featured_media":0,"parent":0,"menu_order":0,"comment_status":"closed","ping_status":"closed","template":"","meta":{"_uag_custom_page_level_css":"","footnotes":"","_links_to":"","_links_to_target":""},"class_list":["post-4853","page","type-page","status-publish","hentry"],"yoast_head":"<!-- This site is optimized with the Yoast SEO plugin v25.5 - https:\/\/yoast.com\/wordpress\/plugins\/seo\/ -->\n<title>Pol\u00edtica de privacidad del sitio web - Biuro Dla Mi\u015aa<\/title>\n<meta name=\"robots\" content=\"index, follow, max-snippet:-1, max-image-preview:large, max-video-preview:-1\" \/>\n<link rel=\"canonical\" href=\"https:\/\/biurodlamisia.pl\/es\/politica-de-privacidad-del-sitio-web\/\" \/>\n<meta property=\"og:locale\" content=\"es_ES\" \/>\n<meta property=\"og:type\" content=\"article\" \/>\n<meta property=\"og:title\" content=\"Pol\u00edtica de privacidad del sitio web - Biuro Dla Mi\u015aa\" \/>\n<meta property=\"og:description\" content=\"I Informaci\u00f3n general Esta Pol\u00edtica de Privacidad establece la forma de recopilar, procesar y asegurar los datos personales en el sentido de la Ley de Protecci\u00f3n de Datos Personales de 29 de agosto de 1997 (Diario de Leyes n\u00ba 133, punto 883, en su versi\u00f3n modificada) y la Ley de\" \/>\n<meta property=\"og:url\" content=\"https:\/\/biurodlamisia.pl\/es\/politica-de-privacidad-del-sitio-web\/\" \/>\n<meta property=\"og:site_name\" content=\"Biuro Dla Mi\u015aa\" \/>\n<meta property=\"article:publisher\" content=\"https:\/\/www.facebook.com\/biurodlamisia\" \/>\n<meta property=\"og:image\" content=\"https:\/\/biurodlamisia.pl\/wp-content\/uploads\/2018\/01\/logo.png\" \/>\n\t<meta property=\"og:image:width\" content=\"292\" \/>\n\t<meta property=\"og:image:height\" content=\"101\" \/>\n\t<meta property=\"og:image:type\" content=\"image\/png\" \/>\n<meta name=\"twitter:card\" content=\"summary_large_image\" \/>\n<meta name=\"twitter:label1\" content=\"Tiempo de lectura\" \/>\n\t<meta name=\"twitter:data1\" content=\"6 minutos\" \/>\n<script type=\"application\/ld+json\" class=\"yoast-schema-graph\">{\"@context\":\"https:\/\/schema.org\",\"@graph\":[{\"@type\":\"WebPage\",\"@id\":\"https:\/\/biurodlamisia.pl\/es\/politica-de-privacidad-del-sitio-web\/\",\"url\":\"https:\/\/biurodlamisia.pl\/es\/politica-de-privacidad-del-sitio-web\/\",\"name\":\"Pol\u00edtica de privacidad del sitio web - Biuro Dla Mi\u015aa\",\"isPartOf\":{\"@id\":\"https:\/\/biurodlamisia.pl\/es\/#website\"},\"datePublished\":\"2020-08-17T13:07:50+00:00\",\"breadcrumb\":{\"@id\":\"https:\/\/biurodlamisia.pl\/es\/politica-de-privacidad-del-sitio-web\/#breadcrumb\"},\"inLanguage\":\"es\",\"potentialAction\":[{\"@type\":\"ReadAction\",\"target\":[\"https:\/\/biurodlamisia.pl\/es\/politica-de-privacidad-del-sitio-web\/\"]}]},{\"@type\":\"BreadcrumbList\",\"@id\":\"https:\/\/biurodlamisia.pl\/es\/politica-de-privacidad-del-sitio-web\/#breadcrumb\",\"itemListElement\":[{\"@type\":\"ListItem\",\"position\":1,\"name\":\"P\u00e1gina de inicio\",\"item\":\"https:\/\/biurodlamisia.pl\/es\/\"},{\"@type\":\"ListItem\",\"position\":2,\"name\":\"Pol\u00edtica de privacidad del sitio web\"}]},{\"@type\":\"WebSite\",\"@id\":\"https:\/\/biurodlamisia.pl\/es\/#website\",\"url\":\"https:\/\/biurodlamisia.pl\/es\/\",\"name\":\"Biuro Dla Mi\u015aa\",\"description\":\"Oficina Virtual Varsovia\",\"publisher\":{\"@id\":\"https:\/\/biurodlamisia.pl\/es\/#organization\"},\"potentialAction\":[{\"@type\":\"SearchAction\",\"target\":{\"@type\":\"EntryPoint\",\"urlTemplate\":\"https:\/\/biurodlamisia.pl\/es\/?s={search_term_string}\"},\"query-input\":{\"@type\":\"PropertyValueSpecification\",\"valueRequired\":true,\"valueName\":\"search_term_string\"}}],\"inLanguage\":\"es\"},{\"@type\":\"Organization\",\"@id\":\"https:\/\/biurodlamisia.pl\/es\/#organization\",\"name\":\"Biuro Dla Mi\u015aa\",\"url\":\"https:\/\/biurodlamisia.pl\/es\/\",\"logo\":{\"@type\":\"ImageObject\",\"inLanguage\":\"es\",\"@id\":\"https:\/\/biurodlamisia.pl\/es\/#\/schema\/logo\/image\/\",\"url\":\"https:\/\/biurodlamisia.pl\/wp-content\/uploads\/2018\/01\/logo.png\",\"contentUrl\":\"https:\/\/biurodlamisia.pl\/wp-content\/uploads\/2018\/01\/logo.png\",\"width\":292,\"height\":101,\"caption\":\"Biuro Dla Mi\u015aa\"},\"image\":{\"@id\":\"https:\/\/biurodlamisia.pl\/es\/#\/schema\/logo\/image\/\"},\"sameAs\":[\"https:\/\/www.facebook.com\/biurodlamisia\",\"https:\/\/share.google\/yqg06tq5Om8gvpXPr\",\"https:\/\/www.linkedin.com\/company\/biurodlamisia.pl\",\"https:\/\/www.instagram.com\/biurodlamisia\/\"]}]}<\/script>\n<!-- \/ Yoast SEO plugin. -->","yoast_head_json":{"title":"Pol\u00edtica de privacidad del sitio web - Biuro Dla Mi\u015aa","robots":{"index":"index","follow":"follow","max-snippet":"max-snippet:-1","max-image-preview":"max-image-preview:large","max-video-preview":"max-video-preview:-1"},"canonical":"https:\/\/biurodlamisia.pl\/es\/politica-de-privacidad-del-sitio-web\/","og_locale":"es_ES","og_type":"article","og_title":"Pol\u00edtica de privacidad del sitio web - Biuro Dla Mi\u015aa","og_description":"I Informaci\u00f3n general Esta Pol\u00edtica de Privacidad establece la forma de recopilar, procesar y asegurar los datos personales en el sentido de la Ley de Protecci\u00f3n de Datos Personales de 29 de agosto de 1997 (Diario de Leyes n\u00ba 133, punto 883, en su versi\u00f3n modificada) y la Ley de","og_url":"https:\/\/biurodlamisia.pl\/es\/politica-de-privacidad-del-sitio-web\/","og_site_name":"Biuro Dla Mi\u015aa","article_publisher":"https:\/\/www.facebook.com\/biurodlamisia","og_image":[{"width":292,"height":101,"url":"https:\/\/biurodlamisia.pl\/wp-content\/uploads\/2018\/01\/logo.png","type":"image\/png"}],"twitter_card":"summary_large_image","twitter_misc":{"Tiempo de lectura":"6 minutos"},"schema":{"@context":"https:\/\/schema.org","@graph":[{"@type":"WebPage","@id":"https:\/\/biurodlamisia.pl\/es\/politica-de-privacidad-del-sitio-web\/","url":"https:\/\/biurodlamisia.pl\/es\/politica-de-privacidad-del-sitio-web\/","name":"Pol\u00edtica de privacidad del sitio web - Biuro Dla Mi\u015aa","isPartOf":{"@id":"https:\/\/biurodlamisia.pl\/es\/#website"},"datePublished":"2020-08-17T13:07:50+00:00","breadcrumb":{"@id":"https:\/\/biurodlamisia.pl\/es\/politica-de-privacidad-del-sitio-web\/#breadcrumb"},"inLanguage":"es","potentialAction":[{"@type":"ReadAction","target":["https:\/\/biurodlamisia.pl\/es\/politica-de-privacidad-del-sitio-web\/"]}]},{"@type":"BreadcrumbList","@id":"https:\/\/biurodlamisia.pl\/es\/politica-de-privacidad-del-sitio-web\/#breadcrumb","itemListElement":[{"@type":"ListItem","position":1,"name":"P\u00e1gina de inicio","item":"https:\/\/biurodlamisia.pl\/es\/"},{"@type":"ListItem","position":2,"name":"Pol\u00edtica de privacidad del sitio web"}]},{"@type":"WebSite","@id":"https:\/\/biurodlamisia.pl\/es\/#website","url":"https:\/\/biurodlamisia.pl\/es\/","name":"Biuro Dla Mi\u015aa","description":"Oficina Virtual Varsovia","publisher":{"@id":"https:\/\/biurodlamisia.pl\/es\/#organization"},"potentialAction":[{"@type":"SearchAction","target":{"@type":"EntryPoint","urlTemplate":"https:\/\/biurodlamisia.pl\/es\/?s={search_term_string}"},"query-input":{"@type":"PropertyValueSpecification","valueRequired":true,"valueName":"search_term_string"}}],"inLanguage":"es"},{"@type":"Organization","@id":"https:\/\/biurodlamisia.pl\/es\/#organization","name":"Biuro Dla Mi\u015aa","url":"https:\/\/biurodlamisia.pl\/es\/","logo":{"@type":"ImageObject","inLanguage":"es","@id":"https:\/\/biurodlamisia.pl\/es\/#\/schema\/logo\/image\/","url":"https:\/\/biurodlamisia.pl\/wp-content\/uploads\/2018\/01\/logo.png","contentUrl":"https:\/\/biurodlamisia.pl\/wp-content\/uploads\/2018\/01\/logo.png","width":292,"height":101,"caption":"Biuro Dla Mi\u015aa"},"image":{"@id":"https:\/\/biurodlamisia.pl\/es\/#\/schema\/logo\/image\/"},"sameAs":["https:\/\/www.facebook.com\/biurodlamisia","https:\/\/share.google\/yqg06tq5Om8gvpXPr","https:\/\/www.linkedin.com\/company\/biurodlamisia.pl","https:\/\/www.instagram.com\/biurodlamisia\/"]}]}},"uagb_featured_image_src":{"full":false,"thumbnail":false,"medium":false,"medium_large":false,"large":false,"gs-tiny":false,"xl":false,"xxl":false,"xxxl":false,"xxxxl":false,"xxxxxl":false,"1536x1536":false,"2048x2048":false,"j15-thumb-avatar":false,"j15-thumb-320":false,"j15-thumb-640":false,"j15-thumb-1120":false,"post-thumbnail":false,"yarpp-thumbnail":false},"uagb_author_info":{"display_name":"Artem Rusin","author_link":"https:\/\/biurodlamisia.pl\/es\/author\/artem\/"},"uagb_comment_info":0,"uagb_excerpt":"I Informaci\u00f3n general Esta Pol\u00edtica de Privacidad establece la forma de recopilar, procesar y asegurar los datos personales en el sentido de la Ley de Protecci\u00f3n de Datos Personales de 29 de agosto de 1997 (Diario de Leyes n\u00ba 133, punto 883, en su versi\u00f3n modificada) y la Ley de","_links":{"self":[{"href":"https:\/\/biurodlamisia.pl\/es\/wp-json\/wp\/v2\/pages\/4853","targetHints":{"allow":["GET"]}}],"collection":[{"href":"https:\/\/biurodlamisia.pl\/es\/wp-json\/wp\/v2\/pages"}],"about":[{"href":"https:\/\/biurodlamisia.pl\/es\/wp-json\/wp\/v2\/types\/page"}],"author":[{"embeddable":true,"href":"https:\/\/biurodlamisia.pl\/es\/wp-json\/wp\/v2\/users\/3"}],"replies":[{"embeddable":true,"href":"https:\/\/biurodlamisia.pl\/es\/wp-json\/wp\/v2\/comments?post=4853"}],"version-history":[{"count":0,"href":"https:\/\/biurodlamisia.pl\/es\/wp-json\/wp\/v2\/pages\/4853\/revisions"}],"wp:attachment":[{"href":"https:\/\/biurodlamisia.pl\/es\/wp-json\/wp\/v2\/media?parent=4853"}],"curies":[{"name":"wp","href":"https:\/\/api.w.org\/{rel}","templated":true}]}}